{"id":431,"date":"2015-12-08T09:40:06","date_gmt":"2015-12-08T09:40:06","guid":{"rendered":"http:\/\/grafik-lessing.de\/?page_id=431"},"modified":"2025-08-20T07:54:20","modified_gmt":"2025-08-20T07:54:20","slug":"allgemeine-geschaeftsbedingungen","status":"publish","type":"page","link":"https:\/\/grafik-lessing.de\/?page_id=431","title":{"rendered":"Allgemeine Gesch\u00e4ftsbedingungen"},"content":{"rendered":"\n<h2 id=\"wp-block-themeisle-blocks-advanced-heading-f5903dd8\" class=\"wp-block-themeisle-blocks-advanced-heading wp-block-themeisle-blocks-advanced-heading-f5903dd8\">Alllgemeine Gesch\u00e4ftsbedingungen<\/h2>\n\n\n\n<p><strong>Sigrid Lessing \u2013 GrafikDesignMedienGestaltung<\/strong><\/p>\n\n\n\n<p>Grundlage eines Vertrages mit <strong>Sigrid Lessing, GrafikDesignMedienGestaltung<\/strong>, sind immer diese Allgemeinen Gesch\u00e4ftsbedingungen, deren Kenntnisnahme und Einbeziehung Sie mit Vertragsunterzeichnung anerkennen und best\u00e4tigen. F\u00fcr alle Rechtsgesch\u00e4fte mit Sigrid Lessing sind die Bestimmungen dieser AGB ma\u00dfgebend. Mit Erteilung des ersten Auftrags erkennt der Auftraggeber die ausschlie\u00dfliche G\u00fcltigkeit meiner Bestimmungen an, auch bei entgegenstehendem Wortlaut seiner Gesch\u00e4ftsbedingungen, es sei denn, dass etwas anderes schriftlich vereinbart worden ist.<\/p>\n\n\n\n<h3 class=\"wp-block-heading\">1. Urheberschutz und Nutzungsrechte<\/h3>\n\n\n\n<p>(1) Jeder an Sigrid Lessing erteilte Auftrag ist ein Urheberwerkvertrag, der auf die Einr\u00e4umung von Nutzungsrechten an seinen Werkleistungen gerichtet ist.<br>(2) Alle Entw\u00fcrfe und Reinzeichnungen unterliegen dem Urheberrechtsgesetz und sind als pers\u00f6nliche geistige Sch\u00f6pfungen gesch\u00fctzt. Die Bestimmungen des Urheberrechtsgesetzes gelten auch dann, wenn die nach \u00a72UrhG erforderliche Sch\u00f6pfungsh\u00f6he im Einzelnen nicht erreicht ist. Damit stehen Sigrid Lessing insbesondere die urheberrechtlichen Anspr\u00fcche aus \u00a7\u00a7 97ff. UrhG zu.<br>(3) Die Entw\u00fcrfe und Werkzeichnungen d\u00fcrfen ohne ausdr\u00fcckliche Einwilligung von Sigrid Lessing weder im Original noch bei der Reproduktion ver\u00e4ndert werden. Jede Nachahmung \u2013 auch von Teilen \u2013 ist unzul\u00e4ssig. Ist eine Verg\u00fctung nicht vereinbart, gilt die nach dem Tarifvertrag f\u00fcr Designleistungen SDSt\/AGD und den Honorarempfehlungen des Gesamtverband Deutscher Werbeagenturen (GWA, jeweils aktuelle Fassung) \u00fcbliche Verg\u00fctung als vereinbart.<br>(4) Sigrid Lessing \u00fcbertr\u00e4gt dem Auftraggeber die f\u00fcr den jeweiligen Zweck erforderlichen Nutzungsrechte. Soweit nichts anderes vereinbart ist, wird jeweils das einfache Nutzungsrecht \u00fcbertragen. Eine Weitergabe der Nutzungsrechte an Dritte bedarf der schriftlichen Vereinbarung.<br>(5) Die Nutzungsrechte gehen erst nach vollst\u00e4ndiger Bezahlung der Verg\u00fctung \u00fcber.<br>(6) Sigrid Lessing hat lt. Gesetz das Recht, auf den Vervielf\u00e4ltigungsst\u00fccken als Urheber genannt zu werden. Eine Verletzung des Rechts auf Namensnennung berechtigt Sigrid Lessing zum Schadenersatz. Ohne Nachweis eines h\u00f6heren Schadens betr\u00e4gt der Schadensersatz 100% der vereinbarten bzw. nach dem Tarifvertrag f\u00fcr Designleistungen SDSt\/AGD \u00fcblichen Verg\u00fctung. Das Recht einen h\u00f6heren Schaden bei Nachweis geltend zu machen, bleibt unber\u00fchrt.<br>(7) Sigrid Lessing hat das Recht, von ihr erstellte Entw\u00fcrfe, Designs und Layouts auch nach dem Erwerb von Nutzungsrechten durch den Kunden ohne besonderes Einverst\u00e4ndnis des Kunden als Referenz aufzuf\u00fchren, in Belegmappen bzw. bei Pr\u00e4sentationen, Internetpr\u00e4senzen oder Messen zu verwenden.<br>(8) Vorschl\u00e4ge des Auftraggebers, seiner Mitarbeiter und Beauftragten oder seine sonstige Mitarbeit haben keinen Einfluss auf die H\u00f6he der Verg\u00fctung. Sie begr\u00fcnden kein Miturheberrecht.<br>(9) In der Annahme eines Pr\u00e4sentationshonorars liegt keine Zustimmung zur Verwendung meiner Ideen, Arbeiten und Leistungen. Im Falle einer nicht genehmigten Verwendung von Pr\u00e4sentationen \u2013 auch in ver\u00e4nderter Form \u2013 f\u00fcr eigene Zwecke und\/oder Weitergabe an Dritte verpflichtet sich der Auftraggeber zur Zahlung einer Vertragsstrafe in H\u00f6he von EUR 3.500,00 f\u00fcr jeden Fall der Zuwiderhandlung.<br>(10) Urheber- oder Lizenzrechte verbleiben \u2013 soweit nicht anders vereinbart \u2013 beim jeweiligen Autor, Ersteller, Fotografen, Bildagentur oder Softwarehersteller.<br>(11) Die Werke d\u00fcrfen nur f\u00fcr die vereinbarte Nutzungsart und den vereinbarten Zweck verwendet werden. Das Recht, die Arbeiten in dem vereinbarten Rahmen zu verwenden, erwirbt der Kunde mit vollst\u00e4ndiger Zahlung des Honorars. Wiederholungs- und Mehrfachnutzungen sind zustimmungs- und honorarpflichtig.<br>(12) An den Arbeiten von Sigrid Lessing werden nur Nutzungsrechte einger\u00e4umt, ein Eigentumsrecht wird nicht \u00fcbertragen. Die Originale sind, wenn nicht vertraglich etwas anderes vereinbart wird, nach angemessener Frist unbesch\u00e4digt an Sigrid Lessing zur\u00fcckzugeben. Quelldateien sind geistiges Eigentum von Sigrid Lessing und werden in keinem Fall \u00fcbertragen. Eine Herausgabepflicht besteht nicht. Zur Aufbewahrung ist Sigrid Lessing nicht verpflichtet.<\/p>\n\n\n\n<h3 class=\"wp-block-heading\">2. Verg\u00fctung<\/h3>\n\n\n\n<p>(1) Entw\u00fcrfe und Reinzeichnungen bilden zusammen mit der Einr\u00e4umung von Nutzungsrechten eine einheitliche Leistung. Sofern keine anderen Vereinbarungen z.B. in Voranschl\u00e4gen und Angeboten getroffen wurden, erfolgt die Verg\u00fctung auf der Grundlage des Tarifvertrages f\u00fcr Designleistungen SDSt\/AGD. Die Verg\u00fctungen sind Nettobetr\u00e4ge, die zuz\u00fcglich der gesetzlichen Mehrwertsteuer zu zahlen sind.<br>(2) Werden keine Nutzungsrechte einger\u00e4umt und nur Entw\u00fcrfe und\/oder Reinzeichnungen geliefert, entf\u00e4llt die Verg\u00fctung f\u00fcr die Nutzung.<br>(3) Werden die Entw\u00fcrfe sp\u00e4ter, oder in gr\u00f6\u00dferem Umfang als urspr\u00fcnglich vorgesehen, genutzt, so ist Sigrid Lessing berechtigt, die Verg\u00fctung f\u00fcr die Nutzung nachtr\u00e4glich in Rechnung zu stellen bzw. die Differenz zwischen der h\u00f6heren Verg\u00fctung f\u00fcr die Nutzung und der urspr\u00fcnglich gezahlten zu verlangen.<br>(4) Die Anfertigung von Entw\u00fcrfen und s\u00e4mtliche sonstige T\u00e4tigkeiten, die Sigrid Lessing dem Auftraggeber erbringt, sind kostenpflichtig, sofern nicht ausdr\u00fccklich anderes vereinbart wurde.<br>(5) In Stundens\u00e4tzen sind die Digitalisierung im gr\u00f6\u00dferen Umfang, Installationen nicht enthalten.<\/p>\n\n\n\n<h3 class=\"wp-block-heading\">3.&nbsp; F\u00e4lligkeit der Verg\u00fctung<\/h3>\n\n\n\n<p>(1) Die Verg\u00fctung ist bei Auslieferung des Werkes f\u00e4llig, sofern sich aus Auftragsbest\u00e4tigungen nichts anderes ergibt, und ohne Abzug zahlbar.<br>(2) Werden die bestellten Arbeiten in Teilen abgenommen, so ist ein entsprechendes Teilhonorar jeweils bei Abnahme des Teiles f\u00e4llig. Erstreckt sich ein Auftrag \u00fcber l\u00e4ngere Zeit oder erfordert er von Sigrid Lessing hohe finanzielle Vorleistungen, so sind angemessene Abschlagszahlungen zul\u00e4ssig, und zwar 1\/3 der Gesamtverg\u00fctung bei Auftragserteilung, 1\/3 nach Fertigstellung von 50% der Arbeiten, 1\/3 nach Ablieferung.<br>(3) Bei Zahlungsverzug kann Sigrid Lessing Verzugszinsen in H\u00f6he von 6% \u00fcber dem jeweiligen Basiszinssatz der Europ\u00e4ischen Zentralbank p.a. verlangen. Die Geltendmachung eines nachgewiesenen h\u00f6heren Schadens bleibt davon unber\u00fchrt.<\/p>\n\n\n\n<h3 class=\"wp-block-heading\">4.&nbsp; Sonderleistungen, Neben- und Reisekosten<\/h3>\n\n\n\n<p>(1) Die \u00c4nderung von Entw\u00fcrfen, die Schaffung und Vorlage weiterer Entw\u00fcrfe, die \u00c4nderung von Werkzeichnungen sowie andere Zusatzleistungen werden gesondert berechnet. Als Zus\u00e4tzliche Leistung ist auch die Pflege der erstellten Leistung anzusehen.<br>(2) Sonderleistungen wie die Umarbeitung oder \u00c4nderung von Reinzeichnungen, Manuskriptstudium oder Druck\u00fcberwachung etc. werden, sofern nicht konkret angeboten, nach dem Zeitaufwand gesondert berechnet. Unvorhersehbarer Mehraufwand bedarf der gegenseitigen Absprache und gegebenenfalls der Nachhonorierung.<br>(3) Sigrid Lessing ist berechtigt, die zur Auftragserf\u00fcllung notwendigen Fremdleistungen im Namen und f\u00fcr Rechnung des Auftraggebers zu bestellen. Der Auftraggeber verpflichtet sich, Sigrid Lessing entsprechende Vollmacht zu erteilen.<br>(4) Soweit im Einzelfall Vertr\u00e4ge \u00fcber Fremdleistungen im Namen und f\u00fcr Rechnung von Sigrid Lessing abgeschlossen werden, verpflichtet sich der Auftraggeber, Sigrid Lessing im Innenverh\u00e4ltnis von s\u00e4mtlichen Verbindlichkeiten freizustellen, die sich aus dem Vertragsabschluss ergeben. Dazu geh\u00f6rt insbesondere die \u00dcbernahme der Kosten.<br>(5) Auslagen f\u00fcr technische Nebenkosten, insbesondere f\u00fcr spezielle Materialien, Anfertigung von Modellen, Fotos, Zwischenaufnahmen, Reproduktionen, Fotosatz, Proof, Druck etc. sind vom Auftraggeber zu erstatten.<br>(6) Spesen wie Reisekosten und Aufwendungen f\u00fcr Verpflegung, Unterkunft und Fahrtkosten, die im Zusammenhang mit dem Auftrag zu unternehmen und mit dem Auftraggeber abgesprochen sind, sind vom Auftraggeber zu erstatten und werden zu Selbstkostenpreisen verrechnet.<\/p>\n\n\n\n<h3 class=\"wp-block-heading\">5.&nbsp; Eigentumsvorbehalt\/Abnahme<\/h3>\n\n\n\n<p>(1) An Entw\u00fcrfen und Reinzeichnungen werden nur Nutzungsrechte einger\u00e4umt, nicht jedoch Eigentumsrechte \u00fcbertragen. Diese sind vom Gesetz her unver\u00e4u\u00dferlich.<br>(2) Die Originale sind daher nach angemessener Frist unbesch\u00e4digt zur\u00fcckzugeben, falls nicht ausdr\u00fccklich eine andere Vereinbarung getroffen wurde. Bei Besch\u00e4digung oder Verlust hat der Auftraggeber die Kosten zu ersetzen, die zur Wiederherstellung der Originale notwendig sind. Die Geltendmachung eines weitergehenden Schadens bleibt unber\u00fchrt.<br>(3) Die Versendung der Arbeiten und Vorlagen erfolgt auf Gefahr und f\u00fcr Rechnung des Auftraggebers.<br>(4) Sigrid Lessing ist nicht verpflichtet, Skizzen oder Dateien und Layouts, die im Computer erstellt wurden, an den Auftraggeber herauszugeben. W\u00fcnscht der Auftraggeber die Herausgabe von Handzeichnungen, Computerdaten oder Skripte, so ist dies gesondert zu vereinbaren und zu verg\u00fcten.<br>Hat Sigrid Lessing dem Auftraggeber Computerdateien zur Verf\u00fcgung gestellt, d\u00fcrfen diese nur mit vorheriger Zustimmung von Sigrid Lessing ge\u00e4ndert, und auftragsbezogen nur f\u00fcr das veranschlagte Projekt verwendet werden.<\/p>\n\n\n\n<h3 class=\"wp-block-heading\">6.&nbsp; Korrektur, Produktions\u00fcberwachung und Belegmuster<\/h3>\n\n\n\n<p>(1) Vor Ausf\u00fchrung der Vervielf\u00e4ltigung sind Sigrid Lessing Freigabe- und Korrekturmuster vorzulegen.<br>(2) Die Produktions\u00fcberwachung durch Sigrid Lessing erfolgt nur aufgrund besonderer Vereinbarung. Bei \u00dcbernahme der Produktions\u00fcberwachung ist Sigrid Lessing berechtigt, nach eigenem Ermessen die notwendigen Entscheidungen zu treffen und entsprechende Anweisungen zu geben. Er haftet f\u00fcr Fehler nur bei eigenem Verschulden und nur f\u00fcr Vorsatz und grobe Fahrl\u00e4ssigkeit.<br>(3) Von allen vervielf\u00e4ltigten Arbeiten \u00fcberl\u00e4sst der Auftraggeber Sigrid Lessing 10 bis 20 einwandfreie ungefaltete Belege unentgeltlich. Sigrid Lessing ist berechtigt, diese Muster zum Zweck der Eigenwerbung in Verbindung mit einem Hyperlink zu verwenden.<\/p>\n\n\n\n<h3 class=\"wp-block-heading\">7.&nbsp; Haftung &amp; Gew\u00e4hrleistung<\/h3>\n\n\n\n<p>(1) Sigrid Lessing verpflichtet sich, den Auftrag mit gr\u00f6\u00dftm\u00f6glicher Sorgfalt auszuf\u00fchren, insbesondere auch ihm \u00fcberlassene Vorlagen, Filme, Displays, Layouts etc. sorgf\u00e4ltig zu behandeln.<br>(2) Sigrid Lessing haftet f\u00fcr entstandene Sch\u00e4den nur bei Vorsatz und grober Fahrl\u00e4ssigkeit. Ein \u00fcber den Materialwert hinausgehender Schadensersatz ist ausgeschlossen.<br>(3) Beanstandungen gleich welcher Art sind innerhalb von 14 Tagen nach Ablieferung des Werks schriftlich bei Sigrid Lessing geltend zu machen. Danach gilt das Werk als mangelfrei angenommen.<br>(4) Sofern Sigrid Lessing notwendige Fremdleistungen in Auftrag gibt, sind die jeweiligen Auftragnehmer keine Erf\u00fcllungsgehilfen von Sigrid Lessing. Sigrid Lessing haftet nur f\u00fcr eigenes Verschulden und nur f\u00fcr Vorsatz und grobe Fahrl\u00e4ssigkeit.<br>(5) Sofern Sigrid Lessing selbst Auftraggeber von Subunternehmern ist, tritt er hiermit s\u00e4mtliche ihm zustehenden Gew\u00e4hrleistungs-, Schadensersatz- und sonstigen Anspr\u00fcche aus fehlerhafter, versp\u00e4teter oder Nichtlieferung an den Auftraggeber ab. Der Auftraggeber verpflichtet sich, vor einer Inanspruchnahme von Sigrid Lessing zun\u00e4chst zu versuchen, die abgetretenen Anspr\u00fcche durchzusetzen.<br>(6) Mit der Genehmigung von Entw\u00fcrfen, Reinausf\u00fchrungen oder Reinzeichnungen durch den Auftraggeber \u00fcbernimmt dieser die Verantwortung f\u00fcr die Richtigkeit von Text und Bild.<br>(7) F\u00fcr die vom Auftraggeber freigegebenen Entw\u00fcrfe, Texte, Reinausf\u00fchrungen und Reinzeichnungen entf\u00e4llt jede Haftung von Sigrid Lessing.<br>(8) F\u00fcr die wettbewerbs- oder warenzeichenrechtliche Zul\u00e4ssigkeit und Eintragungsf\u00e4higkeit der Arbeiten sowie f\u00fcr die Neuheit des Produktes haftet Sigrid Lessing nicht. Aussagen z.B. auch aus beauftragten Analysen sind nicht rechtsverbindliche Empfehlungen. Solche Ausk\u00fcnfte k\u00f6nnen nur von einem Marken- und Patentanwalt oder einem Registergericht get\u00e4tigt werden.<br>(9) Der Auftraggeber stellt Sigrid Lessing von allen Anspr\u00fcchen frei, die Dritte gegen sie stellen wegen eines Verhaltens, f\u00fcr das der Auftraggeber nach dem Vertrag die Verantwortung bzw. Haftung tr\u00e4gt. Er tr\u00e4gt die Kosten einer etwaigen Rechtsverfolgung. Die vorstehende Haftungsbeschr\u00e4nkung betrifft vertragliche wie auch au\u00dfervertragliche Anspr\u00fcche. F\u00fcr korrekte Funktion von Infrastrukturen oder \u00dcbertragungswegen des Internets wird keine Haftung \u00fcbernommen.<br>(10) Die Gew\u00e4hrleistung entf\u00e4llt werden Wartung- und Pflegeanweisungen seitens des Kunden nicht befolgt, \u00c4nderungen erstellten Dienstleitungen vorgenommen, Teile ausgewechselt oder Eingriffe von nicht autorisierten Dritten vorgenommen, wenn der Mangel darauf zur\u00fcckzuf\u00fchren ist. Der Kunde hat zu beweisen, dass der M\u00e4ngel nicht auf einer der genannten Voraussetzungen zur\u00fcckzuf\u00fchren ist.<br>(11) Der Kunde ist nach Abnahme der Internetanwendungen f\u00fcr deren Datensicherung verantwortlich, jede Haftung von Sigrid Lessing entf\u00e4llt.<\/p>\n\n\n\n<h3 class=\"wp-block-heading\">8. Gestaltungsfreiheit und Vorlagen<\/h3>\n\n\n\n<p>(1) Im Rahmen des \u00fcbernommenen Auftrages besteht Gestaltungsfreiheit. Reklamationen hinsichtlich der k\u00fcnstlerischen Gestaltung sind ausgeschlossen. W\u00fcnscht der Auftraggeber w\u00e4hrend oder<br>nach der Produktion \u00c4nderungen, so hat er die Mehrkosten zu tragen. Sigrid Lessing beh\u00e4lt den Verg\u00fctungsanspruch f\u00fcr bereits begonnene Arbeiten.<br>(2) Verz\u00f6gert sich die Durchf\u00fchrung des Auftrags aus Gr\u00fcnden, die der Auftraggeber zu vertreten hat, so kann Sigrid Lessing eine angemessene Erh\u00f6hung der Verg\u00fctung verlangen. Bei Vorsatz oder grober Fahrl\u00e4ssigkeit kann er auch Schadenersatzanspr\u00fcche geltend machen. Die Geltendmachung eines weiteren Verzugsschadens bleibt davon unber\u00fchrt.<br>(3) Der Auftraggeber versichert, dass er zur Verwendung aller an Sigrid Lessing \u00fcbergebenen Vorlagen berechtigt ist. Sollte er entgegen dieser Versicherung nicht zur Verwendung berechtigt sein, stellt der Auftraggeber Sigrid Lessing von allen Ersatzanspr\u00fcchen Dritter frei.<\/p>\n\n\n\n<h3 class=\"wp-block-heading\">9. K\u00fcndigung des Auftrages<\/h3>\n\n\n\n<p>(1) Mit der Auftragsbest\u00e4tigung durch den Auftraggeber wird die Bestellung f\u00fcr diesen verbindlich, d.h. f\u00fcr meine Dienstleistungen ist der vereinbarte Preis nach Abnahme zu entrichten. Dieser Auftrag ist nur im Rahmen der gesetzlichen Bestimmungen widerrufbar.<br>(2) K\u00fcndigt oder stoppt der Auftraggeber eine beauftragte Leistung, ist Sigrid Lessing berechtigt, die vereinbarte Verg\u00fctung f\u00fcr die bereits erbrachte Leistungsphase inkl. der Phase zu verlangen, in der die K\u00fcndigung erfolgte, sowie die Erstattung aller direkten Investitionen, entsprechender Aufw\u00e4nde und Folgesch\u00e4den.<br>(3) Sigrid Lessing zeigt dem Auftraggeber den Abschluss der einzelnen Leistungsphasen an und verpflichtet sich, dem Auftraggeber Gelegenheit zur Begutachtung des Phasenabschlusses einzur\u00e4umen.<br>(4) K\u00fcndigt der Auftraggeber, so gehen keinerlei Nutzungsrechte auf ihn \u00fcber. Eine zus\u00e4tzliche Nutzungsverg\u00fctung entf\u00e4llt.<br>(5) S\u00e4mtliche gefertigten Ideenskizzen, Feinentw\u00fcrfe, Gegenst\u00e4nde, Volumen, Datentr\u00e4ger und sonstigen Modelle sind unverz\u00fcglich an Sigrid Lessing zur\u00fcckzugeben, Kopien von Daten sind zu l\u00f6schen.<\/p>\n\n\n\n<h3 class=\"wp-block-heading\">10. Software<\/h3>\n\n\n\n<p>Geh\u00f6ren Software-Programme oder Scripte zum Lieferumfang, wird dem K\u00e4ufer ein einfaches, unbeschr\u00e4nktes Nutzungsrecht einger\u00e4umt, d.h. er darf diese weder kopieren noch anderen zur Nutzung \u00fcberlassen. Ein mehrfaches Nutzungsrecht bedarf einer besonderen schriftlichen Vereinbarung und kann mehrfach berechnet werden. Bei Versto\u00df gegen diese Nutzungsrechte haftet der K\u00e4ufer in voller H\u00f6he f\u00fcr den daraus entstehenden Schaden.<\/p>\n\n\n\n<h3 class=\"wp-block-heading\">11. Verf\u00fcgbarkeit, Wartung<\/h3>\n\n\n\n<p>Eine Haftung von Sigrid Lessing f\u00fcr durch technisch bedingte Ausf\u00e4lle verursachte Datenverluste, abgebrochene Daten\u00fcbertragungen oder sonstiger Probleme in diesem Zusammenhang ist ausgeschlossen.<\/p>\n\n\n\n<h3 class=\"wp-block-heading\">12. Online-\u00dcbertragungen, Suchmaschinen<\/h3>\n\n\n\n<p>(1) Diverse kundenspezifische Einstellungen werden online festgelegt. Die \u00dcbertragung solcher Daten erfolgt auf Gefahr des Kunden ohne Gew\u00e4hr von Sigrid Lessing \u00fcber das Internet.<br>(2) Dem Kunden ist bekannt, dass von ihm f\u00fcr die Anmeldung angegebene Daten (Stichw\u00f6rter, Beschreibungen) im Internet \u00fcbertragen werden und nach der Aufnahme in eine Suchmaschine allgemein zug\u00e4nglich sind.<\/p>\n\n\n\n<h3 class=\"wp-block-heading\">13. Datenschutz<\/h3>\n\n\n\n<p>Sigrid Lessing weist gem\u00e4\u00df \u00a733BDSG darauf hin, dass personenbezogene Daten im Rahmen der Vertragsdurchf\u00fchrung gespeichert werden und gegebenenfalls an beteiligte Kooperationspartner, Erf\u00fcllungsgehilfen und Dienstleister von Sigrid Lessing weitergeleitet werden.<\/p>\n\n\n\n<h3 class=\"wp-block-heading\">14. Erf\u00fcllungsort und Wirksamkeit<\/h3>\n\n\n\n<p>(1) Erf\u00fcllungsort f\u00fcr beide Teile ist Duisburg als Sitz von Sigrid Lessing.<br>(2) Es gilt das Recht der Bundesrepublik Deutschland.<br>(3) Die Unwirksamkeit oder auch vertragliche Aufhebung einer der vorstehenden Bedingungen ber\u00fchrt die Geltung der \u00fcbrigen Bestimmungen nicht.<\/p>\n\n\n\n<h3 class=\"wp-block-heading\">15. Sonstiges<\/h3>\n\n\n\n<p>(1) Von Sigrid Lessing \u00fcbermittelte Besprechungsprotokolle sind verbindlich, wenn der Kunde nicht unverz\u00fcglich nach Erhalt widerspricht.<br>(2) \u00c4nderungen und Erg\u00e4nzungen oder die teilweise oder gesamte Aufhebung dieser AGB oder eines diesen zugrundeliegenden Vertrages bed\u00fcrfen der gegengezeichneten Schriftform.<br>(3) Soweit dieser allgemeinen Vertragsgrundlage eine Regelung fehlen sollte, gelten die Bestimmungen des Urheberrechtsgesetzes und des Geschmacksmustergesetzes.<br>(4) Diese Allgemeinen Gesch\u00e4ftsbedingungen gelten auch f\u00fcr zuk\u00fcnftige Gesch\u00e4fte der Parteien.<br>(5) \u00c4nderungen und Erg\u00e4nzungen dieser Allgemeinen Gesch\u00e4ftsbedingungen werden dem Kunden im Internet unter www.grafik-lessing.de zug\u00e4nglich gemacht. Sofern der Kunde nicht innerhalb von 14 Tage nach Ver\u00f6ffentlichung widerspricht, gilt die \u00c4nderung\/Erweiterung als vereinbart.<br>(6) Vertrags\u00e4nderungen, Erg\u00e4nzungen und Nebenabreden bed\u00fcrfen zu ihrer Wirksamkeit der Schriftform. Das Schriftformerfordernis gilt auch f\u00fcr den Verzicht auf dieses Formerfordernis.<br>(7) Ausschlie\u00dflicher Gerichtsstand f\u00fcr alle Streitigkeiten aus diesem Vertrag ist, wenn der Kunde Kaufmann, eine juristische Person des \u00f6ffentlichen Rechts, \u00f6ffentlich-rechtliches Sonderverm\u00f6gen oder im Inland ohne Gerichtsstand ist, Duisburg. Es gilt das ma\u00dfgebliche Recht der Bundesrepublik Deutschland.<br>(8) Abweichende Gesch\u00e4ftsbedingungen des Kunden werden von Sigrid Lessing nicht anerkannt. Dies gilt auch dann, wenn diesen nicht ausdr\u00fccklich widersprochen wird.<\/p>\n","protected":false},"excerpt":{"rendered":"<p>Sigrid Lessing \u2013 GrafikDesignMedienGestaltung Grundlage eines Vertrages mit Sigrid Lessing, GrafikDesignMedienGestaltung, sind immer diese Allgemeinen Gesch\u00e4ftsbedingungen, deren Kenntnisnahme und Einbeziehung Sie mit Vertragsunterzeichnung anerkennen und best\u00e4tigen. F\u00fcr alle Rechtsgesch\u00e4fte mit Sigrid Lessing sind die Bestimmungen dieser AGB ma\u00dfgebend. Mit Erteilung des ersten Auftrags erkennt der Auftraggeber die ausschlie\u00dfliche G\u00fcltigkeit meiner Bestimmungen an, auch bei entgegenstehendem&hellip;&nbsp;<a href=\"https:\/\/grafik-lessing.de\/?page_id=431\" rel=\"bookmark\">Weiterlesen &raquo;<span class=\"screen-reader-text\">Allgemeine Gesch\u00e4ftsbedingungen<\/span><\/a><\/p>\n","protected":false},"author":1,"featured_media":0,"parent":0,"menu_order":0,"comment_status":"closed","ping_status":"closed","template":"","meta":{"neve_meta_sidebar":"","neve_meta_container":"","neve_meta_enable_content_width":"","neve_meta_content_width":0,"neve_meta_title_alignment":"","neve_meta_author_avatar":"","neve_post_elements_order":"","neve_meta_disable_header":"","neve_meta_disable_footer":"","neve_meta_disable_title":"","advanced_seo_description":"","jetpack_seo_html_title":"","jetpack_seo_noindex":false,"_themeisle_gutenberg_block_has_review":false,"footnotes":""},"class_list":["post-431","page","type-page","status-publish","hentry"],"jetpack_shortlink":"https:\/\/wp.me\/P4F47S-6X","jetpack_sharing_enabled":true,"_links":{"self":[{"href":"https:\/\/grafik-lessing.de\/index.php?rest_route=\/wp\/v2\/pages\/431","targetHints":{"allow":["GET"]}}],"collection":[{"href":"https:\/\/grafik-lessing.de\/index.php?rest_route=\/wp\/v2\/pages"}],"about":[{"href":"https:\/\/grafik-lessing.de\/index.php?rest_route=\/wp\/v2\/types\/page"}],"author":[{"embeddable":true,"href":"https:\/\/grafik-lessing.de\/index.php?rest_route=\/wp\/v2\/users\/1"}],"replies":[{"embeddable":true,"href":"https:\/\/grafik-lessing.de\/index.php?rest_route=%2Fwp%2Fv2%2Fcomments&post=431"}],"version-history":[{"count":49,"href":"https:\/\/grafik-lessing.de\/index.php?rest_route=\/wp\/v2\/pages\/431\/revisions"}],"predecessor-version":[{"id":4784,"href":"https:\/\/grafik-lessing.de\/index.php?rest_route=\/wp\/v2\/pages\/431\/revisions\/4784"}],"wp:attachment":[{"href":"https:\/\/grafik-lessing.de\/index.php?rest_route=%2Fwp%2Fv2%2Fmedia&parent=431"}],"curies":[{"name":"wp","href":"https:\/\/api.w.org\/{rel}","templated":true}]}}